{"id":154,"date":"2019-01-13T22:00:29","date_gmt":"2019-01-13T21:00:29","guid":{"rendered":"http:\/\/villa-fortuna-kuehlungsborn.de\/?page_id=154"},"modified":"2024-03-21T18:43:48","modified_gmt":"2024-03-21T17:43:48","slug":"gaestebuch","status":"publish","type":"page","link":"https:\/\/villa-fortuna-kuehlungsborn.de\/?page_id=154","title":{"rendered":"G\u00e4stebuch"},"content":{"rendered":"\n<p><span style=\"font-size: 18pt;\">Liebe Hausg\u00e4ste,<\/span><\/p>\n<p>wir freuen uns sehr, dass Sie unser Ferienhaus besucht haben und hoffen, dass Sie einen angenehmen Aufenthalt bei uns hatten. Schreiben Sie uns doch hier im G\u00e4stebuch was Ihnen vielleicht besonders gefallen hat oder was wir noch besser machen k\u00f6nnen.<\/p>\n<p>Alle Eintr\u00e4ge werden gepr\u00fcft und gegebenenfalls auch beantwortet.<\/p>\n<p>Herzlichen Dank f\u00fcr Ihre R\u00fcckmeldung<\/p>\n<p>\u00a0<\/p>\n\n\n<pre class=\"ti-widget\" style=\"display: none\"><template id=\"trustindex-google-widget-html\"><div class=\"ti-widget ti-goog ti-show-rating-text ti-review-text-mode-readmore ti-text-align-left\" data-no-translation=\"true\" data-layout-id=\"8\" data-layout-category=\"sidebar\" data-set-id=\"drop-shadow\" data-pid=\"\" data-language=\"de\" data-css-version=\"2\" data-review-text-mode=\"readmore\" data-reply-by-locale=\"Antwort des Eigent\u00fcmers\" data-load-more-rows=\"5\" > <div class=\"ti-widget-container\"> <div class=\"ti-reviews-container\"> <div class=\"ti-header source-Google\"> <div class=\"ti-profile-img\"> <trustindex-image data-imgurl=\"https:\/\/lh5.googleusercontent.com\/p\/AF1QipMVSiWO_qah2vDjuSpz4k3X_CItpy1R6ggfsw0t=w65-h65-k-no-p\" data-imgurlset=\"https:\/\/lh5.googleusercontent.com\/p\/AF1QipMVSiWO_qah2vDjuSpz4k3X_CItpy1R6ggfsw0t=w130-h130-k-no-p 2x\" alt=\"Villa Fortuna\" loading=\"lazy\" ><\/trustindex-image> <\/div> <div class=\"ti-profile-details\"> <div class=\"ti-name\"> Villa Fortuna<\/div> <span class=\"ti-stars\"><trustindex-image class=\"ti-star\" data-imgurl=\"https:\/\/cdn.trustindex.io\/assets\/platform\/Google\/star\/f.svg\" alt=\"Google\" width=\"17\" height=\"17\" loading=\"lazy\" ><\/trustindex-image><trustindex-image class=\"ti-star\" data-imgurl=\"https:\/\/cdn.trustindex.io\/assets\/platform\/Google\/star\/f.svg\" alt=\"Google\" width=\"17\" height=\"17\" loading=\"lazy\" ><\/trustindex-image><trustindex-image class=\"ti-star\" data-imgurl=\"https:\/\/cdn.trustindex.io\/assets\/platform\/Google\/star\/f.svg\" alt=\"Google\" width=\"17\" height=\"17\" loading=\"lazy\" ><\/trustindex-image><trustindex-image class=\"ti-star\" data-imgurl=\"https:\/\/cdn.trustindex.io\/assets\/platform\/Google\/star\/f.svg\" alt=\"Google\" width=\"17\" height=\"17\" loading=\"lazy\" ><\/trustindex-image><trustindex-image class=\"ti-star\" data-imgurl=\"https:\/\/cdn.trustindex.io\/assets\/platform\/Google\/star\/e.svg\" alt=\"Google\" width=\"17\" height=\"17\" loading=\"lazy\" ><\/trustindex-image><\/span> <div class=\"ti-rating-text\"> <span class=\"nowrap\"><strong>1 Google Bewertungen<\/strong><\/span> <\/div> <div class=\"ti-header-write-btn-container\"> <a href=\"https:\/\/admin.trustindex.io\/api\/googleWriteReview?place-id=ChIJUVY7Mx-prUcR8TDqCL91TIA\" class=\"ti-header-write-btn\" role=\"button\" aria-label=\"Schreiben Sie eine Bewertung zu Google\" target=\"_blank\" rel=\"noopener nofollow\" >Eine Bewertung schreiben<\/a> <\/div>  <\/div> <\/div> <div class=\"ti-reviews-container-wrapper\">  <div data-empty=\"0\" class=\"ti-review-item source-Google ti-image-layout-thumbnail\" data-id=\"cfcd208495d565ef66e7dff9f98764da\" > <div class=\"ti-inner\"> <div class=\"ti-review-header\"> <trustindex-image class=\"ti-platform-icon\" data-imgurl=\"https:\/\/cdn.trustindex.io\/assets\/platform\/Google\/icon.svg\" alt=\"Google\" width=\"20\" height=\"20\" loading=\"lazy\" ><\/trustindex-image> <div class=\"ti-profile-img\"> <trustindex-image data-imgurl=\"https:\/\/lh3.googleusercontent.com\/a\/ACg8ocIzDbLj-RMhunPRZ1kcHOKHJqD24R2czMz1lcU5Cj52=w40-h40-c-rp-mo-br100\" data-imgurlset=\"https:\/\/lh3.googleusercontent.com\/a\/ACg8ocIzDbLj-RMhunPRZ1kcHOKHJqD24R2czMz1lcU5Cj52=w80-h80-c-rp-mo-br100 2x\" alt=\"Jobst Knoop profile picture\" loading=\"lazy\" ><\/trustindex-image> <\/div> <div class=\"ti-profile-details\"> <div class=\"ti-name\"> Jobst Knoop <\/div> <div class=\"ti-date\">24. September, 2023<\/div> <\/div> <\/div> <span class=\"ti-stars\"><trustindex-image class=\"ti-star\" data-imgurl=\"https:\/\/cdn.trustindex.io\/assets\/platform\/Google\/star\/f.svg\" alt=\"Google\" width=\"17\" height=\"17\" loading=\"lazy\" ><\/trustindex-image><trustindex-image class=\"ti-star\" data-imgurl=\"https:\/\/cdn.trustindex.io\/assets\/platform\/Google\/star\/f.svg\" alt=\"Google\" width=\"17\" height=\"17\" loading=\"lazy\" ><\/trustindex-image><trustindex-image class=\"ti-star\" data-imgurl=\"https:\/\/cdn.trustindex.io\/assets\/platform\/Google\/star\/f.svg\" alt=\"Google\" width=\"17\" height=\"17\" loading=\"lazy\" ><\/trustindex-image><trustindex-image class=\"ti-star\" data-imgurl=\"https:\/\/cdn.trustindex.io\/assets\/platform\/Google\/star\/f.svg\" alt=\"Google\" width=\"17\" height=\"17\" loading=\"lazy\" ><\/trustindex-image><trustindex-image class=\"ti-star\" data-imgurl=\"https:\/\/cdn.trustindex.io\/assets\/platform\/Google\/star\/e.svg\" alt=\"Google\" width=\"17\" height=\"17\" loading=\"lazy\" ><\/trustindex-image><span class=\"ti-verified-review ti-verified-platform\"><span class=\"ti-verified-tooltip\">Trustindex \u00fcberpr\u00fcft, ob die Originalquelle der Bewertung Google ist.<\/span><\/span><\/span> <div class=\"ti-review-content\"> <div class=\"ti-review-text-container ti-inner\"><!-- R-CONTENT -->Eine sehr sch\u00f6ne Ferienwohnung. An Ausstattung fehlt absolut nichts. Die K\u00fcche ist neu und die E-Ger\u00e4te hochwertig. Parkm\u00f6glichkeit auf dem Hof ist gut. Ebenso das man Fahrr\u00e4der in einem abschlie\u00dfbaren Raum unterstellen kann. Kleine Kritikpunkte habe ich trotzdem,  und zwar:\nIm Schlafzimmer sind 2 Einzelbetten (mit extrem unvorteilhaften Matratzen), die man zusammengestellt hat. Gut schlafen konnte ich nicht. Ein Doppelbett mit hochwertiger Matratze w\u00e4re vielleicht eine angenehme Alternative. Desweiteren fehlt eine kleine Terrasse bzw oben ein kleiner Balkon, das man die M\u00f6glichkeit hat, sich bei sch\u00f6nem Wetter drau\u00dfen aufzuhalten. Aber alles in allem hat es uns gut gefallen.  Das Wetter hatte nat\u00fcrlich mitgespielt.  Eine Woche von morgens bis abends nur Sonnenschein.<!-- R-CONTENT --><\/div> <span class=\"ti-read-more\" data-container=\".ti-review-content .ti-inner\" data-collapse-text=\"Ausblenden\" data-open-text=\"Weiterlesen\" ><\/span> <\/div> <\/div> <\/div>  <\/div> <div class=\"ti-load-more-reviews-container\"> <div class=\"ti-load-more-reviews-button\" style=\"display: none\">Mehr laden<\/div> <\/div>   <\/div> <\/div> <\/div> <\/template><\/pre><div data-src=\"https:\/\/cdn.trustindex.io\/loader.js?wp-widget\" data-template-id=\"trustindex-google-widget-html\" data-css-url=\"https:\/\/villa-fortuna-kuehlungsborn.de\/wp-content\/uploads\/trustindex-google-widget.css?1756043345\"><\/div>\n","protected":false},"excerpt":{"rendered":"<p>Liebe Hausg\u00e4ste, wir freuen uns sehr, dass Sie unser Ferienhaus besucht haben und hoffen, dass Sie einen angenehmen Aufenthalt bei uns hatten. Schreiben Sie uns doch hier im G\u00e4stebuch was Ihnen vielleicht besonders gefallen hat oder was wir noch besser machen k\u00f6nnen. Alle Eintr\u00e4ge werden gepr\u00fcft und gegebenenfalls auch beantwortet. Herzlichen Dank f\u00fcr Ihre R\u00fcckmeldung [&hellip;]<\/p>\n","protected":false},"author":1,"featured_media":0,"parent":0,"menu_order":4,"comment_status":"closed","ping_status":"closed","template":"","meta":{"footnotes":""},"class_list":["post-154","page","type-page","status-publish","hentry"],"_links":{"self":[{"href":"https:\/\/villa-fortuna-kuehlungsborn.de\/index.php?rest_route=\/wp\/v2\/pages\/154","targetHints":{"allow":["GET"]}}],"collection":[{"href":"https:\/\/villa-fortuna-kuehlungsborn.de\/index.php?rest_route=\/wp\/v2\/pages"}],"about":[{"href":"https:\/\/villa-fortuna-kuehlungsborn.de\/index.php?rest_route=\/wp\/v2\/types\/page"}],"author":[{"embeddable":true,"href":"https:\/\/villa-fortuna-kuehlungsborn.de\/index.php?rest_route=\/wp\/v2\/users\/1"}],"replies":[{"embeddable":true,"href":"https:\/\/villa-fortuna-kuehlungsborn.de\/index.php?rest_route=%2Fwp%2Fv2%2Fcomments&post=154"}],"version-history":[{"count":11,"href":"https:\/\/villa-fortuna-kuehlungsborn.de\/index.php?rest_route=\/wp\/v2\/pages\/154\/revisions"}],"predecessor-version":[{"id":262,"href":"https:\/\/villa-fortuna-kuehlungsborn.de\/index.php?rest_route=\/wp\/v2\/pages\/154\/revisions\/262"}],"wp:attachment":[{"href":"https:\/\/villa-fortuna-kuehlungsborn.de\/index.php?rest_route=%2Fwp%2Fv2%2Fmedia&parent=154"}],"curies":[{"name":"wp","href":"https:\/\/api.w.org\/{rel}","templated":true}]}}