{"id":5,"date":"2016-09-16T05:51:37","date_gmt":"2016-09-16T05:51:37","guid":{"rendered":"http:\/\/villa-fortuna-kuehlungsborn.de\/?page_id=5"},"modified":"2025-08-24T16:48:43","modified_gmt":"2025-08-24T14:48:43","slug":"startseite","status":"publish","type":"page","link":"https:\/\/villa-fortuna-kuehlungsborn.de\/","title":{"rendered":"Herzlich willkommen!"},"content":{"rendered":"<div class=\"wp-block-image is-style-default\">\n<figure class=\"aligncenter size-full\"><img loading=\"lazy\" decoding=\"async\" width=\"452\" height=\"131\" src=\"http:\/\/villa-fortuna-kuehlungsborn.de\/wp-content\/uploads\/2022\/01\/s2dlogo-e1642502274411.jpg\" alt=\"\" class=\"wp-image-212\"\/><\/figure><\/div>\n\n<p>Liebe Ferieng\u00e4ste,<\/p>\n<p>die Buchung der Ferienwohnungen ist m\u00f6glich \u00fcber die<\/p>\n\n<div class=\"wp-block-image\">\n<figure class=\"aligncenter size-full\"><a href=\"https:\/\/www.ferienwohnungen-kuehlungsborn.info\/ferienwohnungen\/kuehlungsborn-west\/haus-fortuna\"><img loading=\"lazy\" decoding=\"async\" width=\"237\" height=\"47\" src=\"https:\/\/villa-fortuna-kuehlungsborn.de\/wp-content\/uploads\/2022\/12\/logo.jpg\" alt=\"\" class=\"wp-image-234\"\/><\/a><\/figure><\/div>\n\n\n<p><a href=\"https:\/\/www.ferienwohnungen-kuehlungsborn.info\/s#?name=fortuna\">Appartementvermittlung Sonnenberg<\/a> in K\u00fchlungsborn.<\/p>\n\n\n\n<p>Wir w\u00fcnschen Ihnen einen angenehmen Aufenthalt.<\/p>\n\n\n\n<p><span style=\"text-decoration: underline;\">News Winter\/Fr\u00fchjahr 2025:<\/span><\/p>\n<p>Wir haben im Winter einige Ver\u00e4nderungen vorgenommen, die im folgenden Aufgelistet sind:<\/p>\n<ul style=\"list-style-type: circle;\">\n<li>Das Schlafzimmer der Erdgeschoss-Wohnung LUV hat jetzt ein Doppelbett 1,80 m x 2,00 m mit Viskose-Toppern.<\/li>\n<li>Die beiden blauen Einzelbetten sind im kleineren Schlafzimmer der Wohnung LEE im Obergeschoss, in dem zumeist die Kinder schlafen. Die Betten sind getrennt aufgestellt.<\/li>\n<li>Die Wohung LUV hat einen gro\u00dfen neuen Fernseher bekommen mit Tonabstrahlung nach vorne f\u00fcr eine bessere H\u00f6rqualit\u00e4t.<\/li>\n<li>Die der jeweiligen FeWo zugeordneten abschlie\u00dfbaren Fahrrad-R\u00e4ume sind mit Bewegungsmeldern f\u00fcr Licht und jeweils zwei Steckdosen ausgestattet worden, damit Sie Ihre E-Bike-Akkus an Ort und Stelle aufladen k\u00f6nnen.<\/li>\n<li><span style=\"color: #ff0000;\"><strong>Wir m\u00f6chten darauf hinweisen, dass das Laden von E-Autos am Hausstrom nicht gestattet ist! \u00d6ffentliche Lades\u00e4ulen finden Sie in unmittelbarer N\u00e4he.<\/strong><\/span><\/li>\n<\/ul>\n\n\n\n\n\n\n\n\n","protected":false},"excerpt":{"rendered":"<p>Liebe Ferieng\u00e4ste, die Buchung der Ferienwohnungen ist m\u00f6glich \u00fcber die Appartementvermittlung Sonnenberg in K\u00fchlungsborn. Wir w\u00fcnschen Ihnen einen angenehmen Aufenthalt. News Winter\/Fr\u00fchjahr 2025: Wir haben im Winter einige Ver\u00e4nderungen vorgenommen, die im folgenden Aufgelistet sind: Das Schlafzimmer der Erdgeschoss-Wohnung LUV hat jetzt ein Doppelbett 1,80 m x 2,00 m mit Viskose-Toppern. Die beiden blauen Einzelbetten [&hellip;]<\/p>\n","protected":false},"author":1,"featured_media":0,"parent":0,"menu_order":0,"comment_status":"closed","ping_status":"closed","template":"","meta":{"footnotes":""},"class_list":["post-5","page","type-page","status-publish","hentry"],"_links":{"self":[{"href":"https:\/\/villa-fortuna-kuehlungsborn.de\/index.php?rest_route=\/wp\/v2\/pages\/5","targetHints":{"allow":["GET"]}}],"collection":[{"href":"https:\/\/villa-fortuna-kuehlungsborn.de\/index.php?rest_route=\/wp\/v2\/pages"}],"about":[{"href":"https:\/\/villa-fortuna-kuehlungsborn.de\/index.php?rest_route=\/wp\/v2\/types\/page"}],"author":[{"embeddable":true,"href":"https:\/\/villa-fortuna-kuehlungsborn.de\/index.php?rest_route=\/wp\/v2\/users\/1"}],"replies":[{"embeddable":true,"href":"https:\/\/villa-fortuna-kuehlungsborn.de\/index.php?rest_route=%2Fwp%2Fv2%2Fcomments&post=5"}],"version-history":[{"count":59,"href":"https:\/\/villa-fortuna-kuehlungsborn.de\/index.php?rest_route=\/wp\/v2\/pages\/5\/revisions"}],"predecessor-version":[{"id":304,"href":"https:\/\/villa-fortuna-kuehlungsborn.de\/index.php?rest_route=\/wp\/v2\/pages\/5\/revisions\/304"}],"wp:attachment":[{"href":"https:\/\/villa-fortuna-kuehlungsborn.de\/index.php?rest_route=%2Fwp%2Fv2%2Fmedia&parent=5"}],"curies":[{"name":"wp","href":"https:\/\/api.w.org\/{rel}","templated":true}]}}